{"id":26,"date":"2018-12-24T08:46:11","date_gmt":"2018-12-24T07:46:11","guid":{"rendered":"http:\/\/f\u00fchlma.de\/?page_id=26"},"modified":"2022-11-01T11:55:57","modified_gmt":"2022-11-01T10:55:57","slug":"impressum","status":"publish","type":"page","link":"https:\/\/f\u00fchlma.de\/?page_id=26","title":{"rendered":"Impressum"},"content":{"rendered":"\n<p>Angaben gem. \u00a7 5 TMG<\/p>\n\n\n\n<p><strong>Betreiber und Kontakt:<\/strong><br>Anett Wollschl\u00e4ger<br>Lesumbroker Landstra\u00dfe 62<br>28719 Bremen- Burg<\/p>\n\n\n\n<p>Telefonnummer: 0160 979 249 38<br>E-Mail-Adresse: auftanken(at)f\u00fchlma.de<\/p>\n\n\n\n<p><strong>Bilder und Grafiken:<\/strong><br>Angaben der Quelle f\u00fcr verwendetes Bilder- und Grafikmaterial:<br>Anett Wollschl\u00e4ger<\/p>\n","protected":false},"excerpt":{"rendered":"<p>Angaben gem. \u00a7 5 TMG Betreiber und Kontakt:Anett Wollschl\u00e4gerLesumbroker Landstra\u00dfe 6228719 Bremen- Burg Telefonnummer: 0160 979 249 38E-Mail-Adresse: auftanken(at)f\u00fchlma.de Bilder und Grafiken:Angaben der Quelle f\u00fcr verwendetes Bilder- und Grafikmaterial:Anett Wollschl\u00e4ger<\/p>\n","protected":false},"author":2,"featured_media":0,"parent":0,"menu_order":0,"comment_status":"closed","ping_status":"closed","template":"","meta":{"footnotes":""},"class_list":["post-26","page","type-page","status-publish","hentry"],"_links":{"self":[{"href":"https:\/\/f\u00fchlma.de\/index.php?rest_route=\/wp\/v2\/pages\/26","targetHints":{"allow":["GET"]}}],"collection":[{"href":"https:\/\/f\u00fchlma.de\/index.php?rest_route=\/wp\/v2\/pages"}],"about":[{"href":"https:\/\/f\u00fchlma.de\/index.php?rest_route=\/wp\/v2\/types\/page"}],"author":[{"embeddable":true,"href":"https:\/\/f\u00fchlma.de\/index.php?rest_route=\/wp\/v2\/users\/2"}],"replies":[{"embeddable":true,"href":"https:\/\/f\u00fchlma.de\/index.php?rest_route=%2Fwp%2Fv2%2Fcomments&post=26"}],"version-history":[{"count":0,"href":"https:\/\/f\u00fchlma.de\/index.php?rest_route=\/wp\/v2\/pages\/26\/revisions"}],"wp:attachment":[{"href":"https:\/\/f\u00fchlma.de\/index.php?rest_route=%2Fwp%2Fv2%2Fmedia&parent=26"}],"curies":[{"name":"wp","href":"https:\/\/api.w.org\/{rel}","templated":true}]}}